{"id":66,"date":"2026-02-04T12:20:29","date_gmt":"2026-02-04T12:20:29","guid":{"rendered":"https:\/\/biznis.co.rs\/?page_id=66"},"modified":"2026-02-27T22:31:46","modified_gmt":"2026-02-27T22:31:46","slug":"web-agencija","status":"publish","type":"page","link":"https:\/\/biznis.co.rs\/en\/","title":{"rendered":"Home"},"content":{"rendered":"<h3 class=\"wp-block-heading\">Our hosting and plugins deliver top performance<\/h3>\n\n<!-- wp:Array \/-->\n\n<figure class=\"wp-block-image size-full\"><img loading=\"lazy\" decoding=\"async\" width=\"1600\" height=\"700\" src=\"https:\/\/biznis.co.rs\/wp-content\/uploads\/2026\/02\/491004315_1676997433211095_6061787844246871320_n-2.png\" alt=\"PageSpeed\" class=\"wp-image-602\" srcset=\"https:\/\/biznis.co.rs\/wp-content\/uploads\/2026\/02\/491004315_1676997433211095_6061787844246871320_n-2.png 1600w, https:\/\/biznis.co.rs\/wp-content\/uploads\/2026\/02\/491004315_1676997433211095_6061787844246871320_n-2-300x131.png 300w, https:\/\/biznis.co.rs\/wp-content\/uploads\/2026\/02\/491004315_1676997433211095_6061787844246871320_n-2-1024x448.png 1024w, https:\/\/biznis.co.rs\/wp-content\/uploads\/2026\/02\/491004315_1676997433211095_6061787844246871320_n-2-768x336.png 768w, https:\/\/biznis.co.rs\/wp-content\/uploads\/2026\/02\/491004315_1676997433211095_6061787844246871320_n-2-1536x672.png 1536w, https:\/\/biznis.co.rs\/wp-content\/uploads\/2026\/02\/491004315_1676997433211095_6061787844246871320_n-2-600x263.png 600w\" sizes=\"auto, (max-width: 1600px) 100vw, 1600px\" \/><\/figure>\n\n<figure class=\"wp-block-image size-full\"><img loading=\"lazy\" decoding=\"async\" width=\"1600\" height=\"700\" src=\"https:\/\/biznis.co.rs\/wp-content\/uploads\/2026\/02\/490587674_530692146565932_5531824994676309976_n-1-1.png\" alt=\"PageSpeed bad\" class=\"wp-image-603\" srcset=\"https:\/\/biznis.co.rs\/wp-content\/uploads\/2026\/02\/490587674_530692146565932_5531824994676309976_n-1-1.png 1600w, https:\/\/biznis.co.rs\/wp-content\/uploads\/2026\/02\/490587674_530692146565932_5531824994676309976_n-1-1-300x131.png 300w, https:\/\/biznis.co.rs\/wp-content\/uploads\/2026\/02\/490587674_530692146565932_5531824994676309976_n-1-1-1024x448.png 1024w, https:\/\/biznis.co.rs\/wp-content\/uploads\/2026\/02\/490587674_530692146565932_5531824994676309976_n-1-1-768x336.png 768w, https:\/\/biznis.co.rs\/wp-content\/uploads\/2026\/02\/490587674_530692146565932_5531824994676309976_n-1-1-1536x672.png 1536w, https:\/\/biznis.co.rs\/wp-content\/uploads\/2026\/02\/490587674_530692146565932_5531824994676309976_n-1-1-600x263.png 600w\" sizes=\"auto, (max-width: 1600px) 100vw, 1600px\" \/><\/figure>\n\n\n\n\u2605\u2605\u2605\u2605\u2605From satisfied customers\n\n<h1 class=\"wp-block-heading\">Your web agency that creates results without the hassle<\/h1>\n\n<p>We are a web agency that offers modern design, high performance and solutions that create results.<\/p>\n\n<div class=\"wp-block-buttons is-layout-flex wp-block-buttons-is-layout-flex\"><div class=\"wp-block-button\"><a class=\"wp-block-button__link\">Project Assessment<\/a><\/div><\/div>\n\n<div class=\"wp-block-buttons is-layout-flex wp-block-buttons-is-layout-flex\"><div class=\"wp-block-button\"><a class=\"wp-block-button__link\">Contact<\/a><\/div><\/div>\n\n<figure class=\"wp-block-image size-full\"><img loading=\"lazy\" decoding=\"async\" width=\"2076\" height=\"1445\" src=\"https:\/\/biznis.co.rs\/wp-content\/uploads\/2026\/02\/iStock-2149058678-1.webp\" alt=\"web agencija WordPress projekat\" class=\"wp-image-91\" srcset=\"https:\/\/biznis.co.rs\/wp-content\/uploads\/2026\/02\/iStock-2149058678-1.webp 2076w, https:\/\/biznis.co.rs\/wp-content\/uploads\/2026\/02\/iStock-2149058678-1-600x418.webp 600w, https:\/\/biznis.co.rs\/wp-content\/uploads\/2026\/02\/iStock-2149058678-1-300x209.webp 300w, https:\/\/biznis.co.rs\/wp-content\/uploads\/2026\/02\/iStock-2149058678-1-1024x713.webp 1024w, https:\/\/biznis.co.rs\/wp-content\/uploads\/2026\/02\/iStock-2149058678-1-768x535.webp 768w, https:\/\/biznis.co.rs\/wp-content\/uploads\/2026\/02\/iStock-2149058678-1-1536x1069.webp 1536w, https:\/\/biznis.co.rs\/wp-content\/uploads\/2026\/02\/iStock-2149058678-1-2048x1426.webp 2048w\" sizes=\"auto, (max-width: 2076px) 100vw, 2076px\" \/><\/figure>\n\n<h2 class=\"wp-block-heading\">Our prices speak for themselves<\/h2>\n\n<h3 class=\"wp-block-heading\">Home page<\/h3>\n\n<p>from<\/p>\n\n$500\n\n<p>Custom design<\/p>\n\n<p>Responsive website<\/p>\n\n<p>100% ownership<\/p>\n\n<p>No binding<\/p>\n\n<figure class=\"wp-block-image size-full\"><img decoding=\"async\" src=\"https:\/\/biznis.co.rs\/wp-content\/uploads\/2026\/02\/Aktiv-3WordPress-logo.svg\" alt class=\"wp-image-61\"><\/figure>\n\n<figure class=\"wp-block-image size-full\"><img loading=\"lazy\" decoding=\"async\" width=\"512\" height=\"512\" src=\"https:\/\/biznis.co.rs\/wp-content\/uploads\/2026\/02\/download.png\" alt class=\"wp-image-62\" srcset=\"https:\/\/biznis.co.rs\/wp-content\/uploads\/2026\/02\/download.png 512w, https:\/\/biznis.co.rs\/wp-content\/uploads\/2026\/02\/download-300x300.png 300w, https:\/\/biznis.co.rs\/wp-content\/uploads\/2026\/02\/download-100x100.png 100w, https:\/\/biznis.co.rs\/wp-content\/uploads\/2026\/02\/download-150x150.png 150w\" sizes=\"auto, (max-width: 512px) 100vw, 512px\" \/><\/figure>\n\n<div class=\"wp-block-buttons is-layout-flex wp-block-buttons-is-layout-flex\"><div class=\"wp-block-button\"><a class=\"wp-block-button__link\">See more<\/a><\/div><\/div>\n\n<h3 class=\"wp-block-heading\">Web shop<\/h3>\n\n<p>from<\/p>\n\n$1500\n\n<p>Fully functional web store<\/p>\n\n<p>Design tailored to you<\/p>\n\n<p>100% ownership<\/p>\n\n<p>No form of attachment<\/p>\n\n<figure class=\"wp-block-image size-full\"><img decoding=\"async\" src=\"https:\/\/biznis.co.rs\/wp-content\/uploads\/2026\/02\/Aktiv-3WordPress-logo.svg\" alt class=\"wp-image-61\"><\/figure>\n\n<figure class=\"wp-block-image size-full\"><img decoding=\"async\" src=\"https:\/\/biznis.co.rs\/wp-content\/uploads\/2026\/02\/Untitled-2.svg\" alt class=\"wp-image-110\"><\/figure>\n\n<div class=\"wp-block-buttons is-layout-flex wp-block-buttons-is-layout-flex\"><div class=\"wp-block-button\"><a class=\"wp-block-button__link\">See more<\/a><\/div><\/div>\n\n<h3 class=\"wp-block-heading\">Hosting<\/h3>\n\n<p>from<\/p>\n\n$120\/god\n\n<p>1 site<\/p>\n\n<p>15 GB of space<\/p>\n\n<p>30,000 visits per month<\/p>\n\n<p>8 email accounts<\/p>\n\n<figure class=\"wp-block-image size-full\"><img decoding=\"async\" src=\"https:\/\/biznis.co.rs\/wp-content\/uploads\/2026\/02\/Aktiv-3WordPress-logo.svg\" alt class=\"wp-image-61\"><\/figure>\n\n<figure class=\"wp-block-image size-full\"><img decoding=\"async\" src=\"https:\/\/biznis.co.rs\/wp-content\/uploads\/2026\/02\/hosting-server-web-svgrepo-com.svg\" alt class=\"wp-image-622\"><\/figure>\n\n<div class=\"wp-block-buttons is-layout-flex wp-block-buttons-is-layout-flex\"><div class=\"wp-block-button\"><a class=\"wp-block-button__link\">See more<\/a><\/div><\/div>\n\n<h3 class=\"wp-block-heading\">Check out our previous works<\/h3>\n\n<p>Here's a selection of some of the work we've done before.<\/p>\n\n<h4 class=\"wp-block-heading\">How our web agency works<\/h4>\n\n<h4 class=\"wp-block-heading\">Analysis<\/h4>\n\n<!-- wp:Array \/-->\n\n<h4 class=\"wp-block-heading\">Production<\/h4>\n\n<!-- wp:Array \/-->\n\n\n\n\n\n\n\n<figure class=\"wp-block-image size-full\"><img decoding=\"async\" src=\"https:\/\/biznis.co.rs\/wp-content\/uploads\/2026\/02\/Aktiv-3WordPress-logo.svg\" alt class=\"wp-image-61\"><\/figure>\n\n<figure class=\"wp-block-image size-full\"><img decoding=\"async\" src=\"https:\/\/biznis.co.rs\/wp-content\/uploads\/2026\/02\/Aktiv-1Google-chrome.svg\" alt class=\"wp-image-73\"><\/figure>\n\n<h4 class=\"wp-block-heading\">Acquaintance<\/h4>\n\n<!-- wp:Array \/-->\n\n<h4 class=\"wp-block-heading\">Strategy<\/h4>\n\n<!-- wp:Array \/-->\n\n<h4 class=\"wp-block-heading\">Delivery<\/h4>\n\n<!-- wp:Array \/-->\n\n\n\n<h2 class=\"wp-block-heading\">Website price calculator<\/h2>\n\nDobij okvirnu procenu za manje od 2 minuta.\n\n\u0160ta vam je potrebno?\n\nSajt\n\nProfesionalan, brz i jednostavan za kori\u0161\u0107enje\n\nWeb prodavnica\n\nProdaja proizvoda online\n\nSEO\n\nRast pozicija i organskog saobra\u0107aja\n\nKoji opis najbolje odgovara va\u0161em projektu?\n\nStarter\n\nJednostavno re\u0161enje\n\nProfesionalno\n\nStabilno poslovno pode\u0161avanje\n\nProfesionalno+\n\nVe\u0107i \/ kompleksniji setup\n\nKoliko stranica vam je potrebno?\n\nStranice (uklju\u010duju\u0107i po\u010detnu)\n\n\n\nKoliko proizvoda i kategorija?\n\nProizvodi\n\n\n\nKategorije\n\n\n\nSEO obim\n\n\n\nOrganski rast\n\n\n\nTehni\u010dki SEO\n\n\n\nOn-page SEO\n\n\n\nSEO analiza (audit)\n\nMolimo izaberite bar jednu opciju da biste nastavili.\n\nPosebne funkcionalnosti\n\nHosting i podr\u0161ka\n\nBez\n\nBez hostinga\/podr\u0161ke\n\nHosting\n\nBrz managed hosting\n\nHands-off\n\nHosting + podr\u0161ka + mese\u010dna optimizacija\n\nVa\u0161i kontakt podaci\n\nJo\u0161 jedan korak do va\u0161e neobavezne procene \u2014 popunite podatke da biste je videli.\n\nIme i prezime *\n\n\n\nEmail *\n\n\n\nTelefon *\n\n\n\nPoruka (opciono)\n\n\n\nHvala! Javi\u0107emo se emailom sa slede\u0107im koracima.\n\n<div class=\"wp-block-buttons is-layout-flex wp-block-buttons-is-layout-flex\"><div class=\"wp-block-button\"><a class=\"wp-block-button__link\">Back<\/a><\/div><\/div>\n\n<div class=\"wp-block-buttons is-layout-flex wp-block-buttons-is-layout-flex\"><div class=\"wp-block-button\"><a class=\"wp-block-button__link\">Next<\/a><\/div><\/div>\n\n<figure class=\"wp-block-image size-large\"><img loading=\"lazy\" decoding=\"async\" width=\"1024\" height=\"683\" src=\"https:\/\/biznis.co.rs\/wp-content\/uploads\/2026\/02\/social-media-marketing-concept-marketing-with-applications-scaled_1-1024x683.webp\" alt=\"SSocijal media markteting\" class=\"wp-image-109\" srcset=\"https:\/\/biznis.co.rs\/wp-content\/uploads\/2026\/02\/social-media-marketing-concept-marketing-with-applications-scaled_1-1024x683.webp 1024w, https:\/\/biznis.co.rs\/wp-content\/uploads\/2026\/02\/social-media-marketing-concept-marketing-with-applications-scaled_1-600x400.webp 600w, https:\/\/biznis.co.rs\/wp-content\/uploads\/2026\/02\/social-media-marketing-concept-marketing-with-applications-scaled_1-300x200.webp 300w, https:\/\/biznis.co.rs\/wp-content\/uploads\/2026\/02\/social-media-marketing-concept-marketing-with-applications-scaled_1-768x512.webp 768w, https:\/\/biznis.co.rs\/wp-content\/uploads\/2026\/02\/social-media-marketing-concept-marketing-with-applications-scaled_1-1536x1025.webp 1536w, https:\/\/biznis.co.rs\/wp-content\/uploads\/2026\/02\/social-media-marketing-concept-marketing-with-applications-scaled_1-2048x1366.webp 2048w\" sizes=\"auto, (max-width: 1024px) 100vw, 1024px\" \/><\/figure>\n\n<div class=\"wp-block-buttons is-layout-flex wp-block-buttons-is-layout-flex\"><div class=\"wp-block-button\"><a class=\"wp-block-button__link\">View services<\/a><\/div><\/div>\n\n<p>Web Agency \u2013 Our Services<\/p>\n\n<h3 class=\"wp-block-heading\">Custom web solutions<\/h3>\n\n<p>We create modern and reliable web solutions adapted to the specific needs of your business. We are focused on functionality, performance and design that has a purpose, without generic templates and compromises.<\/p>\n\n<h3 class=\"wp-block-heading\">WordPress Hotsing<\/h3>\n\n<h3 class=\"wp-block-heading\">WP Basic<\/h3>\n\n<p>From<\/p>\n\n$120\n\n<p>1 site<\/p>\n\n<p>15 GB of space<\/p>\n\n<p>30,000 visits per month<\/p>\n\n<p>8 email accounts<\/p>\n\n<figure class=\"wp-block-image size-full\"><img decoding=\"async\" src=\"https:\/\/biznis.co.rs\/wp-content\/uploads\/2026\/02\/cloud-server-svgrepo-com.svg\" alt class=\"wp-image-619\"><\/figure>\n\n<figure class=\"wp-block-image size-full\"><img decoding=\"async\" src=\"https:\/\/biznis.co.rs\/wp-content\/uploads\/2026\/02\/hosting-server-web-svgrepo-com.svg\" alt class=\"wp-image-622\"><\/figure>\n\n<div class=\"wp-block-buttons is-layout-flex wp-block-buttons-is-layout-flex\"><div class=\"wp-block-button\"><a class=\"wp-block-button__link\">Buy now<\/a><\/div><\/div>\n\n<h3 class=\"wp-block-heading\">WP Optimal<\/h3>\n\n<p>From<\/p>\n\n$170\n\n<p>2 sites<\/p>\n\n<p>60,000 visits per month<\/p>\n\n<p>25 GB of space<\/p>\n\n<p>15 email accounts<\/p>\n\n<figure class=\"wp-block-image size-full\"><img decoding=\"async\" src=\"https:\/\/biznis.co.rs\/wp-content\/uploads\/2026\/02\/Aktiv-3WordPress-logo.svg\" alt class=\"wp-image-61\"><\/figure>\n\n<figure class=\"wp-block-image size-full\"><img decoding=\"async\" src=\"https:\/\/biznis.co.rs\/wp-content\/uploads\/2026\/02\/hosting-server-web-svgrepo-com.svg\" alt class=\"wp-image-622\"><\/figure>\n\n<div class=\"wp-block-buttons is-layout-flex wp-block-buttons-is-layout-flex\"><div class=\"wp-block-button\"><a class=\"wp-block-button__link\">Buy now<\/a><\/div><\/div>\n\n<h3 class=\"wp-block-heading\">WP Premium<\/h3>\n\n<p>From<\/p>\n\n$240\n\n<p>3 sites<\/p>\n\n<p>50 GB of space<\/p>\n\n<p>90,000 visits per month<\/p>\n\n<p>25 email accounts<\/p>\n\n<figure class=\"wp-block-image size-full\"><img decoding=\"async\" src=\"https:\/\/biznis.co.rs\/wp-content\/uploads\/2026\/02\/Aktiv-3WordPress-logo.svg\" alt class=\"wp-image-61\"><\/figure>\n\n<figure class=\"wp-block-image size-full\"><img decoding=\"async\" src=\"https:\/\/biznis.co.rs\/wp-content\/uploads\/2026\/02\/cloud-server-svgrepo-com.svg\" alt class=\"wp-image-619\"><\/figure>\n\n<div class=\"wp-block-buttons is-layout-flex wp-block-buttons-is-layout-flex\"><div class=\"wp-block-button\"><a class=\"wp-block-button__link\">Buy now<\/a><\/div><\/div>\n\n<figure class=\"wp-block-image size-woocommerce_single\"><img loading=\"lazy\" decoding=\"async\" width=\"600\" height=\"400\" src=\"https:\/\/biznis.co.rs\/wp-content\/uploads\/2026\/02\/iStock-1724482019-1-600x400.webp\" alt=\"web agencija WordPress projekat\" class=\"wp-image-90\" srcset=\"https:\/\/biznis.co.rs\/wp-content\/uploads\/2026\/02\/iStock-1724482019-1-600x400.webp 600w, https:\/\/biznis.co.rs\/wp-content\/uploads\/2026\/02\/iStock-1724482019-1-300x200.webp 300w, https:\/\/biznis.co.rs\/wp-content\/uploads\/2026\/02\/iStock-1724482019-1-1024x683.webp 1024w, https:\/\/biznis.co.rs\/wp-content\/uploads\/2026\/02\/iStock-1724482019-1-768x512.webp 768w, https:\/\/biznis.co.rs\/wp-content\/uploads\/2026\/02\/iStock-1724482019-1.webp 1254w\" sizes=\"auto, (max-width: 600px) 100vw, 600px\" \/><\/figure>","protected":false},"excerpt":{"rendered":"<p>Na\u0161 hosting i plugini donose vrhunske performanse \u2605\u2605\u2605\u2605\u2605Od zadovoljnih kupaca Va\u0161a veb agencija koja stvara rezultate bez muke Mi smo veb agencija koja nudi moderan dizajn, visoke performanse i re\u0161enja koja stvaraju rezultate. Na\u0161e cene govore same za sebe Po\u010detna stranica od $500 Prilago\u0111eni dizajn Prilagodljiv veb-sajt 100% vlasni\u0161tvo Bez vezivanja Web prodavnica od $1500 [&hellip;]<\/p>\n","protected":false},"author":1,"featured_media":0,"parent":0,"menu_order":0,"comment_status":"closed","ping_status":"closed","template":"","meta":{"footnotes":""},"class_list":["post-66","page","type-page","status-publish","hentry"],"yoast_head":"<!-- This site is optimized with the Yoast SEO plugin v27.3 - https:\/\/yoast.com\/product\/yoast-seo-wordpress\/ -->\n<title>Web Agencija | WordPress Sajtovi i Hosting<\/title>\n<meta name=\"description\" content=\"Web agencija za izradu WordPress sajtova, web prodavnica i brz hosting. Moderan dizajn i visoke performanse.\" \/>\n<meta name=\"robots\" content=\"index, follow, max-snippet:-1, max-image-preview:large, max-video-preview:-1\" \/>\n<link rel=\"canonical\" href=\"https:\/\/biznis.co.rs\/en\/\" \/>\n<meta property=\"og:locale\" content=\"en_US\" \/>\n<meta property=\"og:type\" content=\"article\" \/>\n<meta property=\"og:title\" content=\"Web Agencija | WordPress Sajtovi i Hosting\" \/>\n<meta property=\"og:description\" content=\"Web agencija za izradu WordPress sajtova, web prodavnica i brz hosting. Moderan dizajn i visoke performanse.\" \/>\n<meta property=\"og:url\" content=\"https:\/\/biznis.co.rs\/en\/\" \/>\n<meta property=\"og:site_name\" content=\"biznis.co.rs\" \/>\n<meta property=\"article:modified_time\" content=\"2026-02-27T22:31:46+00:00\" \/>\n<meta property=\"og:image\" content=\"https:\/\/biznis.co.rs\/wp-content\/uploads\/2026\/02\/491004315_1676997433211095_6061787844246871320_n-2.png\" \/>\n\t<meta property=\"og:image:width\" content=\"1600\" \/>\n\t<meta property=\"og:image:height\" content=\"700\" \/>\n\t<meta property=\"og:image:type\" content=\"image\/png\" \/>\n<meta name=\"twitter:card\" content=\"summary_large_image\" \/>\n<meta name=\"twitter:label1\" content=\"Est. reading time\" \/>\n\t<meta name=\"twitter:data1\" content=\"7 minutes\" \/>\n<script type=\"application\/ld+json\" class=\"yoast-schema-graph\">{\"@context\":\"https:\\\/\\\/schema.org\",\"@graph\":[{\"@type\":\"WebPage\",\"@id\":\"https:\\\/\\\/biznis.co.rs\\\/\",\"url\":\"https:\\\/\\\/biznis.co.rs\\\/\",\"name\":\"Web Agencija | WordPress Sajtovi i Hosting\",\"isPartOf\":{\"@id\":\"https:\\\/\\\/biznis.co.rs\\\/#website\"},\"primaryImageOfPage\":{\"@id\":\"https:\\\/\\\/biznis.co.rs\\\/#primaryimage\"},\"image\":{\"@id\":\"https:\\\/\\\/biznis.co.rs\\\/#primaryimage\"},\"thumbnailUrl\":\"https:\\\/\\\/biznis.co.rs\\\/wp-content\\\/uploads\\\/2026\\\/02\\\/491004315_1676997433211095_6061787844246871320_n-2.png\",\"datePublished\":\"2026-02-04T12:20:29+00:00\",\"dateModified\":\"2026-02-27T22:31:46+00:00\",\"description\":\"Web agencija za izradu WordPress sajtova, web prodavnica i brz hosting. Moderan dizajn i visoke performanse.\",\"breadcrumb\":{\"@id\":\"https:\\\/\\\/biznis.co.rs\\\/#breadcrumb\"},\"inLanguage\":\"en-US\",\"potentialAction\":[{\"@type\":\"ReadAction\",\"target\":[\"https:\\\/\\\/biznis.co.rs\\\/\"]}]},{\"@type\":\"ImageObject\",\"inLanguage\":\"en-US\",\"@id\":\"https:\\\/\\\/biznis.co.rs\\\/#primaryimage\",\"url\":\"https:\\\/\\\/biznis.co.rs\\\/wp-content\\\/uploads\\\/2026\\\/02\\\/491004315_1676997433211095_6061787844246871320_n-2.png\",\"contentUrl\":\"https:\\\/\\\/biznis.co.rs\\\/wp-content\\\/uploads\\\/2026\\\/02\\\/491004315_1676997433211095_6061787844246871320_n-2.png\"},{\"@type\":\"BreadcrumbList\",\"@id\":\"https:\\\/\\\/biznis.co.rs\\\/#breadcrumb\",\"itemListElement\":[{\"@type\":\"ListItem\",\"position\":1,\"name\":\"Home\",\"item\":\"https:\\\/\\\/biznis.co.rs\\\/\"},{\"@type\":\"ListItem\",\"position\":2,\"name\":\"Home\"}]},{\"@type\":\"WebSite\",\"@id\":\"https:\\\/\\\/biznis.co.rs\\\/#website\",\"url\":\"https:\\\/\\\/biznis.co.rs\\\/\",\"name\":\"biznis.co.rs\",\"description\":\"\",\"potentialAction\":[{\"@type\":\"SearchAction\",\"target\":{\"@type\":\"EntryPoint\",\"urlTemplate\":\"https:\\\/\\\/biznis.co.rs\\\/?s={search_term_string}\"},\"query-input\":{\"@type\":\"PropertyValueSpecification\",\"valueRequired\":true,\"valueName\":\"search_term_string\"}}],\"inLanguage\":\"en-US\"}]}<\/script>\n<!-- \/ Yoast SEO plugin. -->","yoast_head_json":{"title":"Web Agencija | WordPress Sajtovi i Hosting","description":"Web agencija za izradu WordPress sajtova, web prodavnica i brz hosting. Moderan dizajn i visoke performanse.","robots":{"index":"index","follow":"follow","max-snippet":"max-snippet:-1","max-image-preview":"max-image-preview:large","max-video-preview":"max-video-preview:-1"},"canonical":"https:\/\/biznis.co.rs\/en\/","og_locale":"en_US","og_type":"article","og_title":"Web Agencija | WordPress Sajtovi i Hosting","og_description":"Web agencija za izradu WordPress sajtova, web prodavnica i brz hosting. Moderan dizajn i visoke performanse.","og_url":"https:\/\/biznis.co.rs\/en\/","og_site_name":"biznis.co.rs","article_modified_time":"2026-02-27T22:31:46+00:00","og_image":[{"width":1600,"height":700,"url":"https:\/\/biznis.co.rs\/wp-content\/uploads\/2026\/02\/491004315_1676997433211095_6061787844246871320_n-2.png","type":"image\/png"}],"twitter_card":"summary_large_image","twitter_misc":{"Est. reading time":"7 minutes"},"schema":{"@context":"https:\/\/schema.org","@graph":[{"@type":"WebPage","@id":"https:\/\/biznis.co.rs\/","url":"https:\/\/biznis.co.rs\/","name":"Web Agencija | WordPress Sajtovi i Hosting","isPartOf":{"@id":"https:\/\/biznis.co.rs\/#website"},"primaryImageOfPage":{"@id":"https:\/\/biznis.co.rs\/#primaryimage"},"image":{"@id":"https:\/\/biznis.co.rs\/#primaryimage"},"thumbnailUrl":"https:\/\/biznis.co.rs\/wp-content\/uploads\/2026\/02\/491004315_1676997433211095_6061787844246871320_n-2.png","datePublished":"2026-02-04T12:20:29+00:00","dateModified":"2026-02-27T22:31:46+00:00","description":"Web agencija za izradu WordPress sajtova, web prodavnica i brz hosting. Moderan dizajn i visoke performanse.","breadcrumb":{"@id":"https:\/\/biznis.co.rs\/#breadcrumb"},"inLanguage":"en-US","potentialAction":[{"@type":"ReadAction","target":["https:\/\/biznis.co.rs\/"]}]},{"@type":"ImageObject","inLanguage":"en-US","@id":"https:\/\/biznis.co.rs\/#primaryimage","url":"https:\/\/biznis.co.rs\/wp-content\/uploads\/2026\/02\/491004315_1676997433211095_6061787844246871320_n-2.png","contentUrl":"https:\/\/biznis.co.rs\/wp-content\/uploads\/2026\/02\/491004315_1676997433211095_6061787844246871320_n-2.png"},{"@type":"BreadcrumbList","@id":"https:\/\/biznis.co.rs\/#breadcrumb","itemListElement":[{"@type":"ListItem","position":1,"name":"Home","item":"https:\/\/biznis.co.rs\/"},{"@type":"ListItem","position":2,"name":"Home"}]},{"@type":"WebSite","@id":"https:\/\/biznis.co.rs\/#website","url":"https:\/\/biznis.co.rs\/","name":"biznis.co.rs","description":"","potentialAction":[{"@type":"SearchAction","target":{"@type":"EntryPoint","urlTemplate":"https:\/\/biznis.co.rs\/?s={search_term_string}"},"query-input":{"@type":"PropertyValueSpecification","valueRequired":true,"valueName":"search_term_string"}}],"inLanguage":"en-US"}]}},"_links":{"self":[{"href":"https:\/\/biznis.co.rs\/en\/wp-json\/wp\/v2\/pages\/66","targetHints":{"allow":["GET"]}}],"collection":[{"href":"https:\/\/biznis.co.rs\/en\/wp-json\/wp\/v2\/pages"}],"about":[{"href":"https:\/\/biznis.co.rs\/en\/wp-json\/wp\/v2\/types\/page"}],"author":[{"embeddable":true,"href":"https:\/\/biznis.co.rs\/en\/wp-json\/wp\/v2\/users\/1"}],"replies":[{"embeddable":true,"href":"https:\/\/biznis.co.rs\/en\/wp-json\/wp\/v2\/comments?post=66"}],"version-history":[{"count":54,"href":"https:\/\/biznis.co.rs\/en\/wp-json\/wp\/v2\/pages\/66\/revisions"}],"predecessor-version":[{"id":1039,"href":"https:\/\/biznis.co.rs\/en\/wp-json\/wp\/v2\/pages\/66\/revisions\/1039"}],"wp:attachment":[{"href":"https:\/\/biznis.co.rs\/en\/wp-json\/wp\/v2\/media?parent=66"}],"curies":[{"name":"wp","href":"https:\/\/api.w.org\/{rel}","templated":true}]}}