{"id":3,"date":"2026-02-04T10:04:59","date_gmt":"2026-02-04T10:04:59","guid":{"rendered":"http:\/\/biznis.co.rs\/?page_id=3"},"modified":"2026-02-14T12:32:07","modified_gmt":"2026-02-14T12:32:07","slug":"politika-privatnosti","status":"publish","type":"page","link":"https:\/\/biznis.co.rs\/en\/politika-privatnosti\/","title":{"rendered":"Privacy Policy"},"content":{"rendered":"<p>Techoli Company LLC<\/p>\n\n<h3 class=\"has-text-align-center wp-block-heading\">PRIVACY POLICY<\/h3>\n\n<h3 class=\"wp-block-heading\">1. Introduction<\/h3>\n\n<!-- wp:Array \/-->\n\n<h3 class=\"wp-block-heading\">2. What data do we collect?<\/h3>\n\n<!-- wp:Array \/-->\n\n<h3 class=\"wp-block-heading\">3. How we collect data<\/h3>\n\n<!-- wp:Array \/-->\n\n<h3 class=\"wp-block-heading\">4. Purpose of data processing<\/h3>\n\n<!-- wp:Array \/-->\n\n<h3 class=\"wp-block-heading\">5. Sharing data with third parties<\/h3>\n\n<!-- wp:Array \/-->\n\n<h3 class=\"wp-block-heading\">6. Cookies<\/h3>\n\n<!-- wp:Array \/-->\n\n<h3 class=\"wp-block-heading\">7. Data security<\/h3>\n\n<!-- wp:Array \/-->\n\n<h3 class=\"wp-block-heading\">8. Data retention period<\/h3>\n\n<!-- wp:Array \/-->\n\n<h3 class=\"wp-block-heading\">9. User rights (GDPR)<\/h3>\n\n<!-- wp:Array \/-->\n\n<h3 class=\"wp-block-heading\">10. Privacy policy for minors<\/h3>\n\n<!-- wp:Array \/-->\n\n<h3 class=\"wp-block-heading\">11. Privacy Policy Changes<\/h3>\n\n<!-- wp:Array \/-->\n\n<h3 class=\"wp-block-heading\">12. Contact<\/h3>\n\n<!-- wp:Array \/-->","protected":false},"excerpt":{"rendered":"<p>Techoli Company LLC POLITIKA PRIVATNOSTI 1. Uvod 2. Koje podatke prikupljamo 3. Kako prikupljamo podatke 4. Svrha obrade podataka 5. Deljenje podataka sa tre\u0107im stranama 6. Kola\u010di\u0107i (Cookies) 7. Bezbednost podataka 8. Period \u010duvanja podataka 9. Prava korisnika (GDPR) 10. Politika privatnosti za maloletna lica 11. Izmene politike privatnosti 12. Kontakt<\/p>","protected":false},"author":1,"featured_media":0,"parent":0,"menu_order":0,"comment_status":"closed","ping_status":"closed","template":"","meta":{"footnotes":""},"class_list":["post-3","page","type-page","status-publish","hentry"],"yoast_head":"<!-- This site is optimized with the Yoast SEO plugin v27.3 - https:\/\/yoast.com\/product\/yoast-seo-wordpress\/ -->\n<title>Politika privatnosti - biznis.co.rs<\/title>\n<meta name=\"robots\" content=\"index, follow, max-snippet:-1, max-image-preview:large, max-video-preview:-1\" \/>\n<link rel=\"canonical\" href=\"https:\/\/biznis.co.rs\/en\/politika-privatnosti\/\" \/>\n<meta property=\"og:locale\" content=\"en_US\" \/>\n<meta property=\"og:type\" content=\"article\" \/>\n<meta property=\"og:title\" content=\"Politika privatnosti - biznis.co.rs\" \/>\n<meta property=\"og:description\" content=\"Techoli Company LLC POLITIKA PRIVATNOSTI 1. Uvod 2. Koje podatke prikupljamo 3. Kako prikupljamo podatke 4. Svrha obrade podataka 5. Deljenje podataka sa tre\u0107im stranama 6. Kola\u010di\u0107i (Cookies) 7. Bezbednost podataka 8. Period \u010duvanja podataka 9. Prava korisnika (GDPR) 10. Politika privatnosti za maloletna lica 11. Izmene politike privatnosti 12. Kontakt\" \/>\n<meta property=\"og:url\" content=\"https:\/\/biznis.co.rs\/en\/politika-privatnosti\/\" \/>\n<meta property=\"og:site_name\" content=\"biznis.co.rs\" \/>\n<meta property=\"article:modified_time\" content=\"2026-02-14T12:32:07+00:00\" \/>\n<meta name=\"twitter:card\" content=\"summary_large_image\" \/>\n<script type=\"application\/ld+json\" class=\"yoast-schema-graph\">{\"@context\":\"https:\\\/\\\/schema.org\",\"@graph\":[{\"@type\":\"WebPage\",\"@id\":\"https:\\\/\\\/biznis.co.rs\\\/politika-privatnosti\\\/\",\"url\":\"https:\\\/\\\/biznis.co.rs\\\/politika-privatnosti\\\/\",\"name\":\"Politika privatnosti - biznis.co.rs\",\"isPartOf\":{\"@id\":\"https:\\\/\\\/biznis.co.rs\\\/#website\"},\"datePublished\":\"2026-02-04T10:04:59+00:00\",\"dateModified\":\"2026-02-14T12:32:07+00:00\",\"breadcrumb\":{\"@id\":\"https:\\\/\\\/biznis.co.rs\\\/politika-privatnosti\\\/#breadcrumb\"},\"inLanguage\":\"en-US\",\"potentialAction\":[{\"@type\":\"ReadAction\",\"target\":[\"https:\\\/\\\/biznis.co.rs\\\/politika-privatnosti\\\/\"]}]},{\"@type\":\"BreadcrumbList\",\"@id\":\"https:\\\/\\\/biznis.co.rs\\\/politika-privatnosti\\\/#breadcrumb\",\"itemListElement\":[{\"@type\":\"ListItem\",\"position\":1,\"name\":\"Home\",\"item\":\"https:\\\/\\\/biznis.co.rs\\\/\"},{\"@type\":\"ListItem\",\"position\":2,\"name\":\"Politika privatnosti\"}]},{\"@type\":\"WebSite\",\"@id\":\"https:\\\/\\\/biznis.co.rs\\\/#website\",\"url\":\"https:\\\/\\\/biznis.co.rs\\\/\",\"name\":\"biznis.co.rs\",\"description\":\"\",\"potentialAction\":[{\"@type\":\"SearchAction\",\"target\":{\"@type\":\"EntryPoint\",\"urlTemplate\":\"https:\\\/\\\/biznis.co.rs\\\/?s={search_term_string}\"},\"query-input\":{\"@type\":\"PropertyValueSpecification\",\"valueRequired\":true,\"valueName\":\"search_term_string\"}}],\"inLanguage\":\"en-US\"}]}<\/script>\n<!-- \/ Yoast SEO plugin. -->","yoast_head_json":{"title":"Politika privatnosti - biznis.co.rs","robots":{"index":"index","follow":"follow","max-snippet":"max-snippet:-1","max-image-preview":"max-image-preview:large","max-video-preview":"max-video-preview:-1"},"canonical":"https:\/\/biznis.co.rs\/en\/politika-privatnosti\/","og_locale":"en_US","og_type":"article","og_title":"Politika privatnosti - biznis.co.rs","og_description":"Techoli Company LLC POLITIKA PRIVATNOSTI 1. Uvod 2. Koje podatke prikupljamo 3. Kako prikupljamo podatke 4. Svrha obrade podataka 5. Deljenje podataka sa tre\u0107im stranama 6. Kola\u010di\u0107i (Cookies) 7. Bezbednost podataka 8. Period \u010duvanja podataka 9. Prava korisnika (GDPR) 10. Politika privatnosti za maloletna lica 11. Izmene politike privatnosti 12. Kontakt","og_url":"https:\/\/biznis.co.rs\/en\/politika-privatnosti\/","og_site_name":"biznis.co.rs","article_modified_time":"2026-02-14T12:32:07+00:00","twitter_card":"summary_large_image","schema":{"@context":"https:\/\/schema.org","@graph":[{"@type":"WebPage","@id":"https:\/\/biznis.co.rs\/politika-privatnosti\/","url":"https:\/\/biznis.co.rs\/politika-privatnosti\/","name":"Politika privatnosti - biznis.co.rs","isPartOf":{"@id":"https:\/\/biznis.co.rs\/#website"},"datePublished":"2026-02-04T10:04:59+00:00","dateModified":"2026-02-14T12:32:07+00:00","breadcrumb":{"@id":"https:\/\/biznis.co.rs\/politika-privatnosti\/#breadcrumb"},"inLanguage":"en-US","potentialAction":[{"@type":"ReadAction","target":["https:\/\/biznis.co.rs\/politika-privatnosti\/"]}]},{"@type":"BreadcrumbList","@id":"https:\/\/biznis.co.rs\/politika-privatnosti\/#breadcrumb","itemListElement":[{"@type":"ListItem","position":1,"name":"Home","item":"https:\/\/biznis.co.rs\/"},{"@type":"ListItem","position":2,"name":"Politika privatnosti"}]},{"@type":"WebSite","@id":"https:\/\/biznis.co.rs\/#website","url":"https:\/\/biznis.co.rs\/","name":"biznis.co.rs","description":"","potentialAction":[{"@type":"SearchAction","target":{"@type":"EntryPoint","urlTemplate":"https:\/\/biznis.co.rs\/?s={search_term_string}"},"query-input":{"@type":"PropertyValueSpecification","valueRequired":true,"valueName":"search_term_string"}}],"inLanguage":"en-US"}]}},"_links":{"self":[{"href":"https:\/\/biznis.co.rs\/en\/wp-json\/wp\/v2\/pages\/3","targetHints":{"allow":["GET"]}}],"collection":[{"href":"https:\/\/biznis.co.rs\/en\/wp-json\/wp\/v2\/pages"}],"about":[{"href":"https:\/\/biznis.co.rs\/en\/wp-json\/wp\/v2\/types\/page"}],"author":[{"embeddable":true,"href":"https:\/\/biznis.co.rs\/en\/wp-json\/wp\/v2\/users\/1"}],"replies":[{"embeddable":true,"href":"https:\/\/biznis.co.rs\/en\/wp-json\/wp\/v2\/comments?post=3"}],"version-history":[{"count":3,"href":"https:\/\/biznis.co.rs\/en\/wp-json\/wp\/v2\/pages\/3\/revisions"}],"predecessor-version":[{"id":933,"href":"https:\/\/biznis.co.rs\/en\/wp-json\/wp\/v2\/pages\/3\/revisions\/933"}],"wp:attachment":[{"href":"https:\/\/biznis.co.rs\/en\/wp-json\/wp\/v2\/media?parent=3"}],"curies":[{"name":"wp","href":"https:\/\/api.w.org\/{rel}","templated":true}]}}