{"id":233,"date":"2026-02-04T13:38:59","date_gmt":"2026-02-04T13:38:59","guid":{"rendered":"https:\/\/biznis.co.rs\/?page_id=233"},"modified":"2026-04-03T19:42:51","modified_gmt":"2026-04-03T19:42:51","slug":"more-product","status":"publish","type":"page","link":"https:\/\/biznis.co.rs\/en\/more-product\/","title":{"rendered":"More Product"},"content":{"rendered":"<p>Djia Plugin<\/p>\n\n<h3 class=\"has-text-align-center wp-block-heading\">Plugins<\/h3>\n\n<h3 class=\"wp-block-heading\">Monthly Package<\/h3>\n\n<p>from<\/p>\n\n$15\n\n<figure class=\"wp-block-image size-full\"><img decoding=\"async\" src=\"https:\/\/biznis.co.rs\/wp-content\/uploads\/2026\/02\/Aktiv-3WordPress-logo.svg\" class=\"wp-image-61\"><\/figure>\n\n<figure class=\"wp-block-image size-full\"><img decoding=\"async\" src=\"https:\/\/biznis.co.rs\/wp-content\/uploads\/2026\/02\/Aktiv-3bing-logo.svg\" class=\"wp-image-74\"><\/figure>\n\n<div class=\"wp-block-buttons is-layout-flex wp-block-buttons-is-layout-flex\"><div class=\"wp-block-button\"><a class=\"wp-block-button__link\">Buy now<\/a><\/div><\/div>\n\n<h3 class=\"wp-block-heading\">Djia Ananas<\/h3>\n\n<!-- wp:Array \/-->\n\n<div class=\"wp-block-buttons is-layout-flex wp-block-buttons-is-layout-flex\"><div class=\"wp-block-button\"><a class=\"wp-block-button__link\">See more<\/a><\/div><\/div>\n\n<h3 class=\"wp-block-heading\">Annual Package<\/h3>\n\n<p>from<\/p>\n\n$120\n\n<figure class=\"wp-block-image size-full\"><img decoding=\"async\" src=\"https:\/\/biznis.co.rs\/wp-content\/uploads\/2026\/02\/Aktiv-3WordPress-logo.svg\" class=\"wp-image-61\"><\/figure>\n\n<figure class=\"wp-block-image size-full\"><img decoding=\"async\" src=\"https:\/\/biznis.co.rs\/wp-content\/uploads\/2026\/02\/Aktiv-3bing-logo.svg\" class=\"wp-image-74\"><\/figure>\n\n<div class=\"wp-block-buttons is-layout-flex wp-block-buttons-is-layout-flex\"><div class=\"wp-block-button\"><a class=\"wp-block-button__link\">Buy now<\/a><\/div><\/div>\n\n\n\n<div class=\"mp-eyebrow__dot\"><\/div>Techoli Company LLC\n\n<h1 class=\"wp-block-heading\">All <span>products<\/span><\/h1>\n\nSve \u0161to gradimo \u2014 dodaci, \u0161abloni, hosting i alati \u2014 dizajnirano je za WordPress i Bricks Builder profesionalce \u0161irom sveta.\n\n<div class=\"mp-bundle__dot\"><\/div>Najbolja vrednost\n\nPreuzmite kompletan Teholi stek\n\nKombinujte Djia Cache, Djia Bricks, premium hosting i \u0161ablone za vrhunsku Bricks Builder konfiguraciju. Brzo, bogato funkcijama i spremno za produkciju odmah po raspakivanju.\n\nDjia Cache\n\nDjia Bricks\n\nBricks Templates\n\nHosting\n\n<svg width=\"11\" height=\"11\" viewbox=\"0 0 24 24\" fill=\"none\" stroke=\"currentColor\" stroke-width=\"3\" stroke-linecap=\"round\"><polyline points=\"20 6 9 17 4 12\"><\/polyline><\/svg>\nVi ste ovde\n\n\u26a1\n\nDjia Cache\n\nPobolj\u0161anja performansi koja zaista mo\u017eete videti\n\nNapravljeno da proizvede merljiva pobolj\u0161anja u stvarnim WordPress okru\u017eenjima. Br\u017ee prvo farbanje, ni\u017ei TTFB, \u010distija stabilnost rasporeda \u2014 bez pretvaranja va\u0161eg pode\u0161avanja u krhki haos. Dizajnirano da besprekorno radi uz Djia Bricks bez ikakvih sukoba.\n\n<div class=\"mp-featured__check\">\u2713<\/div>Full page caching with smart invalidation rules\n\n<div class=\"mp-featured__check\">\u2713<\/div>Optimized for Djia Bricks \u2014 zero module conflicts\n\n<div class=\"mp-featured__check\">\u2713<\/div>WooCommerce cache rules built-in\n\n<div class=\"mp-featured__check\">\u2713<\/div>Browser cache, Gzip, minification support\n\n<div class=\"mp-featured__check\">\u2713<\/div>Kompatibilno sa svim glavnim hosting provajderima i CDN-ovima\n\n97+\n\n\u0420\u0435\u0437\u0443\u043b\u0442\u0430\u0442 \u0431\u0440\u0437\u0438\u043d\u0435 \u0441\u0442\u0440\u0430\u043d\u0438\u0446\u0435\n\n\u221280%\n\n\u0421\u043c\u0430\u045a\u0435\u045a\u0435 TTFB-\u0430\n\n100\n\nOcena najboljih praksi\n\n96\n\nSEO ocena\n\nv1.2\n\n\u041d\u0430\u0458\u043d\u043e\u0432\u0438\u0458\u0435 \u0438\u0437\u0434\u0430\u045a\u0435\n\nPlugin\n\nDjia Bricks\n\n400+ elemenata za gradnju cigli\n\nNajkompletniji dodatak za Bricks Builder. 15 nezavisnih modula \u2014 Pro Forms, AJAX Filters, WooCommerce Builder, Conditions, Dynamic Data, Interactions i animacije skrolovanja. Radi savr\u0161eno sa Djia Cache-om.\n\n15 modula \u2014 omoguc\u0301ite samo ono \u0161to vam je potrebno\n\nPro Forms \u2014 48 polja, 40 akcija, Stripe\n\nAJAX filteri za bilo koju petlju upita\n\nNula sukoba sa Djia Cache-om\n\n\ud83e\uddf1\n\nTemplates\n\nBricks Templates\n\nPremium \u0161abloni za graditelje cigli\n\nRastuc\u0301a biblioteka \u0161ablona spremnih za proizvodnju za Bricks Builder. Pokrenite svoj sledec\u0301i projekat za nekoliko minuta, a ne za nekoliko dana. Napravljeno pomoc\u0301u Djia Bricks elemenata \u2014 uvezite i odmah pre\u0111ite na prilago\u0111avanje.\n\n\u0160abloni za graditelje cigli spremni za upotrebu\n\nNapravljeno sa elementima Djia Bricks\n\nAgencija, portfolio, WooCommerce i jo\u0161 mnogo toga\n\nRedovno a\u017eurirano novim dizajnom\n\n\ud83d\ude80\n\nHosting\n\nWordPress Hosting\n\nBrz, upravljan WordPress hosting\n\nUpravljani WordPress hosting dizajniran za Bricks Builder sajtove. SSD serveri, automatske dnevne rezervne kopije, okru\u017eenja za testiranje i SSL sertifikat jednim klikom \u2014 sve \u0161to vam je potrebno za brzo pokretanje i bezbednost.\n\n99.9%\n\nSLA za vreme neprekidnog rada\n\nNVMe\n\nSSD memorija\n\nAuto\n\nDnevne rezervne kopije\n\nFree\n\nSSL sertifikat\n\n<svg width=\"12\" height=\"12\" viewbox=\"0 0 24 24\" fill=\"none\" stroke=\"currentColor\" stroke-width=\"2\"><rect x=\"2\" y=\"7\" width=\"20\" height=\"14\" rx=\"2\"><\/rect><path d=\"M16 21V5a2 2 0 0 0-2-2h-4a2 2 0 0 0-2 2v16\"><\/path><\/svg>\nMati\u010dna kompanija\n\nTecholi Company LLC\n\nNapravite zapanjujuc\u0301e veb stranice koje donose rezultate\n\nKompanija koja stoji iza Djia Cache, Djia Bricks, Bricks Templates i na\u0161e hosting platforme. Gradimo alate i infrastrukturu za WordPress i Bricks Builder profesionalce \u0161irom sveta.\n\nTecholi Company LLC<br>\n            30 North Gould Street<br>\n            Sheridan WY 82801, United States<br>\n            Info@techolicompany.com\n\n\ud83c\udfe2\n\nVeb-sajt kompanije\n\ntecholicompany.com\n\n\u2197\n\n\ud83d\udce7\n\nKontaktirajte nas\n\nPodr\u0161ka, partnerstva, pretprodaja\n\n\u2192\n\n\ud83c\udfaf\n\nZahtevi za funkcije\n\nGlasajte o tome \u0161ta c\u0301emo sledec\u0301e graditi\n\n\u2192\n\n\ud83d\udd12\n\nPrivatnost i uslovi\n\nPravne informacije\n\n\u2192","protected":false},"excerpt":{"rendered":"<p>Djia Plugin Pluginovi Mesecni Paket od $15 Djia Ananas Godisnji Paket od $120 Techoli Company LLC Svi proizvodi Sve \u0161to gradimo \u2014 dodaci, \u0161abloni, hosting i alati \u2014 dizajnirano je za WordPress i Bricks Builder profesionalce \u0161irom sveta. Najbolja vrednost Preuzmite kompletan Teholi stek Kombinujte Djia Cache, Djia Bricks, premium hosting i \u0161ablone za vrhunsku [&hellip;]<\/p>\n","protected":false},"author":1,"featured_media":0,"parent":0,"menu_order":0,"comment_status":"closed","ping_status":"closed","template":"","meta":{"footnotes":""},"class_list":["post-233","page","type-page","status-publish","hentry"],"yoast_head":"<!-- This site is optimized with the Yoast SEO plugin v27.3 - https:\/\/yoast.com\/product\/yoast-seo-wordpress\/ -->\n<title>More Product - biznis.co.rs<\/title>\n<meta name=\"robots\" content=\"index, follow, max-snippet:-1, max-image-preview:large, max-video-preview:-1\" \/>\n<link rel=\"canonical\" href=\"https:\/\/biznis.co.rs\/en\/more-product\/\" \/>\n<meta property=\"og:locale\" content=\"en_US\" \/>\n<meta property=\"og:type\" content=\"article\" \/>\n<meta property=\"og:title\" content=\"More Product - biznis.co.rs\" \/>\n<meta property=\"og:description\" content=\"Djia Plugin Pluginovi Mesecni Paket od $15 Djia Ananas Godisnji Paket od $120 Techoli Company LLC Svi proizvodi Sve \u0161to gradimo \u2014 dodaci, \u0161abloni, hosting i alati \u2014 dizajnirano je za WordPress i Bricks Builder profesionalce \u0161irom sveta. Najbolja vrednost Preuzmite kompletan Teholi stek Kombinujte Djia Cache, Djia Bricks, premium hosting i \u0161ablone za vrhunsku [&hellip;]\" \/>\n<meta property=\"og:url\" content=\"https:\/\/biznis.co.rs\/en\/more-product\/\" \/>\n<meta property=\"og:site_name\" content=\"biznis.co.rs\" \/>\n<meta property=\"article:modified_time\" content=\"2026-04-03T19:42:51+00:00\" \/>\n<meta name=\"twitter:card\" content=\"summary_large_image\" \/>\n<meta name=\"twitter:label1\" content=\"Est. reading time\" \/>\n\t<meta name=\"twitter:data1\" content=\"2 minutes\" \/>\n<script type=\"application\/ld+json\" class=\"yoast-schema-graph\">{\"@context\":\"https:\\\/\\\/schema.org\",\"@graph\":[{\"@type\":\"WebPage\",\"@id\":\"https:\\\/\\\/biznis.co.rs\\\/more-product\\\/\",\"url\":\"https:\\\/\\\/biznis.co.rs\\\/more-product\\\/\",\"name\":\"More Product - biznis.co.rs\",\"isPartOf\":{\"@id\":\"https:\\\/\\\/biznis.co.rs\\\/#website\"},\"primaryImageOfPage\":{\"@id\":\"https:\\\/\\\/biznis.co.rs\\\/more-product\\\/#primaryimage\"},\"image\":{\"@id\":\"https:\\\/\\\/biznis.co.rs\\\/more-product\\\/#primaryimage\"},\"thumbnailUrl\":\"https:\\\/\\\/biznis.co.rs\\\/wp-content\\\/uploads\\\/2026\\\/02\\\/Aktiv-3WordPress-logo.svg\",\"datePublished\":\"2026-02-04T13:38:59+00:00\",\"dateModified\":\"2026-04-03T19:42:51+00:00\",\"breadcrumb\":{\"@id\":\"https:\\\/\\\/biznis.co.rs\\\/more-product\\\/#breadcrumb\"},\"inLanguage\":\"en-US\",\"potentialAction\":[{\"@type\":\"ReadAction\",\"target\":[\"https:\\\/\\\/biznis.co.rs\\\/more-product\\\/\"]}]},{\"@type\":\"ImageObject\",\"inLanguage\":\"en-US\",\"@id\":\"https:\\\/\\\/biznis.co.rs\\\/more-product\\\/#primaryimage\",\"url\":\"https:\\\/\\\/biznis.co.rs\\\/wp-content\\\/uploads\\\/2026\\\/02\\\/Aktiv-3WordPress-logo.svg\",\"contentUrl\":\"https:\\\/\\\/biznis.co.rs\\\/wp-content\\\/uploads\\\/2026\\\/02\\\/Aktiv-3WordPress-logo.svg\"},{\"@type\":\"BreadcrumbList\",\"@id\":\"https:\\\/\\\/biznis.co.rs\\\/more-product\\\/#breadcrumb\",\"itemListElement\":[{\"@type\":\"ListItem\",\"position\":1,\"name\":\"Home\",\"item\":\"https:\\\/\\\/biznis.co.rs\\\/\"},{\"@type\":\"ListItem\",\"position\":2,\"name\":\"More Product\"}]},{\"@type\":\"WebSite\",\"@id\":\"https:\\\/\\\/biznis.co.rs\\\/#website\",\"url\":\"https:\\\/\\\/biznis.co.rs\\\/\",\"name\":\"biznis.co.rs\",\"description\":\"\",\"potentialAction\":[{\"@type\":\"SearchAction\",\"target\":{\"@type\":\"EntryPoint\",\"urlTemplate\":\"https:\\\/\\\/biznis.co.rs\\\/?s={search_term_string}\"},\"query-input\":{\"@type\":\"PropertyValueSpecification\",\"valueRequired\":true,\"valueName\":\"search_term_string\"}}],\"inLanguage\":\"en-US\"}]}<\/script>\n<!-- \/ Yoast SEO plugin. -->","yoast_head_json":{"title":"More Product - biznis.co.rs","robots":{"index":"index","follow":"follow","max-snippet":"max-snippet:-1","max-image-preview":"max-image-preview:large","max-video-preview":"max-video-preview:-1"},"canonical":"https:\/\/biznis.co.rs\/en\/more-product\/","og_locale":"en_US","og_type":"article","og_title":"More Product - biznis.co.rs","og_description":"Djia Plugin Pluginovi Mesecni Paket od $15 Djia Ananas Godisnji Paket od $120 Techoli Company LLC Svi proizvodi Sve \u0161to gradimo \u2014 dodaci, \u0161abloni, hosting i alati \u2014 dizajnirano je za WordPress i Bricks Builder profesionalce \u0161irom sveta. Najbolja vrednost Preuzmite kompletan Teholi stek Kombinujte Djia Cache, Djia Bricks, premium hosting i \u0161ablone za vrhunsku [&hellip;]","og_url":"https:\/\/biznis.co.rs\/en\/more-product\/","og_site_name":"biznis.co.rs","article_modified_time":"2026-04-03T19:42:51+00:00","twitter_card":"summary_large_image","twitter_misc":{"Est. reading time":"2 minutes"},"schema":{"@context":"https:\/\/schema.org","@graph":[{"@type":"WebPage","@id":"https:\/\/biznis.co.rs\/more-product\/","url":"https:\/\/biznis.co.rs\/more-product\/","name":"More Product - biznis.co.rs","isPartOf":{"@id":"https:\/\/biznis.co.rs\/#website"},"primaryImageOfPage":{"@id":"https:\/\/biznis.co.rs\/more-product\/#primaryimage"},"image":{"@id":"https:\/\/biznis.co.rs\/more-product\/#primaryimage"},"thumbnailUrl":"https:\/\/biznis.co.rs\/wp-content\/uploads\/2026\/02\/Aktiv-3WordPress-logo.svg","datePublished":"2026-02-04T13:38:59+00:00","dateModified":"2026-04-03T19:42:51+00:00","breadcrumb":{"@id":"https:\/\/biznis.co.rs\/more-product\/#breadcrumb"},"inLanguage":"en-US","potentialAction":[{"@type":"ReadAction","target":["https:\/\/biznis.co.rs\/more-product\/"]}]},{"@type":"ImageObject","inLanguage":"en-US","@id":"https:\/\/biznis.co.rs\/more-product\/#primaryimage","url":"https:\/\/biznis.co.rs\/wp-content\/uploads\/2026\/02\/Aktiv-3WordPress-logo.svg","contentUrl":"https:\/\/biznis.co.rs\/wp-content\/uploads\/2026\/02\/Aktiv-3WordPress-logo.svg"},{"@type":"BreadcrumbList","@id":"https:\/\/biznis.co.rs\/more-product\/#breadcrumb","itemListElement":[{"@type":"ListItem","position":1,"name":"Home","item":"https:\/\/biznis.co.rs\/"},{"@type":"ListItem","position":2,"name":"More Product"}]},{"@type":"WebSite","@id":"https:\/\/biznis.co.rs\/#website","url":"https:\/\/biznis.co.rs\/","name":"biznis.co.rs","description":"","potentialAction":[{"@type":"SearchAction","target":{"@type":"EntryPoint","urlTemplate":"https:\/\/biznis.co.rs\/?s={search_term_string}"},"query-input":{"@type":"PropertyValueSpecification","valueRequired":true,"valueName":"search_term_string"}}],"inLanguage":"en-US"}]}},"_links":{"self":[{"href":"https:\/\/biznis.co.rs\/en\/wp-json\/wp\/v2\/pages\/233","targetHints":{"allow":["GET"]}}],"collection":[{"href":"https:\/\/biznis.co.rs\/en\/wp-json\/wp\/v2\/pages"}],"about":[{"href":"https:\/\/biznis.co.rs\/en\/wp-json\/wp\/v2\/types\/page"}],"author":[{"embeddable":true,"href":"https:\/\/biznis.co.rs\/en\/wp-json\/wp\/v2\/users\/1"}],"replies":[{"embeddable":true,"href":"https:\/\/biznis.co.rs\/en\/wp-json\/wp\/v2\/comments?post=233"}],"version-history":[{"count":38,"href":"https:\/\/biznis.co.rs\/en\/wp-json\/wp\/v2\/pages\/233\/revisions"}],"predecessor-version":[{"id":1103,"href":"https:\/\/biznis.co.rs\/en\/wp-json\/wp\/v2\/pages\/233\/revisions\/1103"}],"wp:attachment":[{"href":"https:\/\/biznis.co.rs\/en\/wp-json\/wp\/v2\/media?parent=233"}],"curies":[{"name":"wp","href":"https:\/\/api.w.org\/{rel}","templated":true}]}}