{"id":18,"date":"2026-02-04T10:31:11","date_gmt":"2026-02-04T10:31:11","guid":{"rendered":"https:\/\/biznis.co.rs\/?page_id=18"},"modified":"2026-02-14T12:38:52","modified_gmt":"2026-02-14T12:38:52","slug":"procena-projekta","status":"publish","type":"page","link":"https:\/\/biznis.co.rs\/en\/procena-projekta\/","title":{"rendered":"Project Assessment"},"content":{"rendered":"<figure class=\"wp-block-image size-large\"><img loading=\"lazy\" decoding=\"async\" width=\"1024\" height=\"683\" src=\"https:\/\/biznis.co.rs\/wp-content\/uploads\/2026\/02\/iStock-2149224540-1-1024x683.webp\" alt class=\"wp-image-92\" srcset=\"https:\/\/biznis.co.rs\/wp-content\/uploads\/2026\/02\/iStock-2149224540-1-1024x683.webp 1024w, https:\/\/biznis.co.rs\/wp-content\/uploads\/2026\/02\/iStock-2149224540-1-600x400.webp 600w, https:\/\/biznis.co.rs\/wp-content\/uploads\/2026\/02\/iStock-2149224540-1-300x200.webp 300w, https:\/\/biznis.co.rs\/wp-content\/uploads\/2026\/02\/iStock-2149224540-1-768x512.webp 768w, https:\/\/biznis.co.rs\/wp-content\/uploads\/2026\/02\/iStock-2149224540-1-1536x1024.webp 1536w, https:\/\/biznis.co.rs\/wp-content\/uploads\/2026\/02\/iStock-2149224540-1-2048x1366.webp 2048w\" sizes=\"auto, (max-width: 1024px) 100vw, 1024px\" \/><\/figure>\n\n<h3 class=\"wp-block-heading\">Da li ste u nedoumici &#8211; koliko ko\u0161ta izrada veb stranice?<\/h3>\n\n<p>How much does a website cost? The answer is that it can vary a lot depending on the project and the agency.<\/p>\n<p>Try our price calculator and see how much it costs with us - it takes 2 minutes. Then you can see if we are the ones to create your new professional website, web store or marketing.<\/p>\n<p>There are many web agencies, but if you choose Gavistik, you are always guaranteed high quality at competitive prices.<\/p>\n\n<div class=\"wp-block-buttons is-layout-flex wp-block-buttons-is-layout-flex\"><div class=\"wp-block-button\"><a class=\"wp-block-button__link\">Project assessment<\/a><\/div><\/div>\n\n<h2 class=\"wp-block-heading\">Website price calculator<\/h2>\n\nDobij okvirnu procenu za manje od 2 minuta.\n\n\u0160ta vam je potrebno?\n\nSajt\n\nProfesionalan, brz i jednostavan za kori\u0161\u0107enje\n\nWeb prodavnica\n\nProdaja proizvoda online\n\nSEO\n\nRast pozicija i organskog saobra\u0107aja\n\nKoji opis najbolje odgovara va\u0161em projektu?\n\nStarter\n\nJednostavno re\u0161enje\n\nProfesionalno\n\nStabilno poslovno pode\u0161avanje\n\nProfesionalno+\n\nVe\u0107i \/ kompleksniji setup\n\nKoliko stranica vam je potrebno?\n\nStranice (uklju\u010duju\u0107i po\u010detnu)\n\n\n\nKoliko proizvoda i kategorija?\n\nProizvodi\n\n\n\nKategorije\n\n\n\nSEO obim\n\n\n\nOrganski rast\n\n\n\nTehni\u010dki SEO\n\n\n\nOn-page SEO\n\n\n\nSEO analiza (audit)\n\nMolimo izaberite bar jednu opciju da biste nastavili.\n\nPosebne funkcionalnosti\n\nHosting i podr\u0161ka\n\nBez\n\nBez hostinga\/podr\u0161ke\n\nHosting\n\nBrz managed hosting\n\nHands-off\n\nHosting + podr\u0161ka + mese\u010dna optimizacija\n\nVa\u0161i kontakt podaci\n\nJo\u0161 jedan korak do va\u0161e neobavezne procene \u2014 popunite podatke da biste je videli.\n\nIme i prezime *\n\n\n\nEmail *\n\n\n\nTelefon *\n\n\n\nPoruka (opciono)\n\n\n\nHvala! Javi\u0107emo se emailom sa slede\u0107im koracima.\n\n<div class=\"wp-block-buttons is-layout-flex wp-block-buttons-is-layout-flex\"><div class=\"wp-block-button\"><a class=\"wp-block-button__link\">Back<\/a><\/div><\/div>\n\n<div class=\"wp-block-buttons is-layout-flex wp-block-buttons-is-layout-flex\"><div class=\"wp-block-button\"><a class=\"wp-block-button__link\">Next<\/a><\/div><\/div>\n\n<p>Try our price calculator and find out!<\/p>\n\n<h3 class=\"has-text-align-center wp-block-heading\">How much does a website cost?<\/h3>\n\n<div class=\"wp-block-buttons is-layout-flex wp-block-buttons-is-layout-flex\"><div class=\"wp-block-button\"><a class=\"wp-block-button__link\">Contact<\/a><\/div><\/div>\n\n<h3 class=\"wp-block-heading\">Why us?<\/h3>\n\n<p>500+ satisfied customers<br \/>5 stars on Trustpilot<br \/>100% non-binding offer<\/p>\n\n<div class=\"wp-block-buttons is-layout-flex wp-block-buttons-is-layout-flex\"><div class=\"wp-block-button\"><a class=\"wp-block-button__link\">Project assessment<\/a><\/div><\/div>\n\n<div class=\"wp-block-buttons is-layout-flex wp-block-buttons-is-layout-flex\"><div class=\"wp-block-button\"><a class=\"wp-block-button__link\">Contact<\/a><\/div><\/div>\n\n<figure class=\"wp-block-image size-large\"><img loading=\"lazy\" decoding=\"async\" width=\"1024\" height=\"683\" src=\"https:\/\/biznis.co.rs\/wp-content\/uploads\/2026\/02\/iStock-1724482019-1-1024x683.webp\" alt class=\"wp-image-90\" srcset=\"https:\/\/biznis.co.rs\/wp-content\/uploads\/2026\/02\/iStock-1724482019-1-1024x683.webp 1024w, https:\/\/biznis.co.rs\/wp-content\/uploads\/2026\/02\/iStock-1724482019-1-600x400.webp 600w, https:\/\/biznis.co.rs\/wp-content\/uploads\/2026\/02\/iStock-1724482019-1-300x200.webp 300w, https:\/\/biznis.co.rs\/wp-content\/uploads\/2026\/02\/iStock-1724482019-1-768x512.webp 768w, https:\/\/biznis.co.rs\/wp-content\/uploads\/2026\/02\/iStock-1724482019-1.webp 1254w\" sizes=\"auto, (max-width: 1024px) 100vw, 1024px\" \/><\/figure>","protected":false},"excerpt":{"rendered":"<p>Da li ste u nedoumici &#8211; koliko ko\u0161ta izrada veb stranice? Koliko ko\u0161ta veb sajt? Odgovor je da to mo\u017ee mnogo da varira u zavisnosti od projekta i agencije. Isprobajte na\u0161 kalkulator cena i vidite koliko ko\u0161ta kod nas \u2013 potrebno je 2 minuta. Zatim mo\u017eete videti da li smo mi ti koji c\u0301e kreirati [&hellip;]<\/p>\n","protected":false},"author":1,"featured_media":0,"parent":0,"menu_order":0,"comment_status":"closed","ping_status":"closed","template":"","meta":{"footnotes":""},"class_list":["post-18","page","type-page","status-publish","hentry"],"yoast_head":"<!-- This site is optimized with the Yoast SEO plugin v27.3 - https:\/\/yoast.com\/product\/yoast-seo-wordpress\/ -->\n<title>Procena Projekta - biznis.co.rs<\/title>\n<meta name=\"robots\" content=\"index, follow, max-snippet:-1, max-image-preview:large, max-video-preview:-1\" \/>\n<link rel=\"canonical\" href=\"https:\/\/biznis.co.rs\/en\/procena-projekta\/\" \/>\n<meta property=\"og:locale\" content=\"en_US\" \/>\n<meta property=\"og:type\" content=\"article\" \/>\n<meta property=\"og:title\" content=\"Procena Projekta - biznis.co.rs\" \/>\n<meta property=\"og:description\" content=\"Da li ste u nedoumici &#8211; koliko ko\u0161ta izrada veb stranice? Koliko ko\u0161ta veb sajt? Odgovor je da to mo\u017ee mnogo da varira u zavisnosti od projekta i agencije. Isprobajte na\u0161 kalkulator cena i vidite koliko ko\u0161ta kod nas \u2013 potrebno je 2 minuta. Zatim mo\u017eete videti da li smo mi ti koji c\u0301e kreirati [&hellip;]\" \/>\n<meta property=\"og:url\" content=\"https:\/\/biznis.co.rs\/en\/procena-projekta\/\" \/>\n<meta property=\"og:site_name\" content=\"biznis.co.rs\" \/>\n<meta property=\"article:modified_time\" content=\"2026-02-14T12:38:52+00:00\" \/>\n<meta property=\"og:image\" content=\"https:\/\/biznis.co.rs\/wp-content\/uploads\/2026\/02\/iStock-2149224540-1.webp\" \/>\n\t<meta property=\"og:image:width\" content=\"2120\" \/>\n\t<meta property=\"og:image:height\" content=\"1414\" \/>\n\t<meta property=\"og:image:type\" content=\"image\/webp\" \/>\n<meta name=\"twitter:card\" content=\"summary_large_image\" \/>\n<meta name=\"twitter:label1\" content=\"Est. reading time\" \/>\n\t<meta name=\"twitter:data1\" content=\"1 minute\" \/>\n<script type=\"application\/ld+json\" class=\"yoast-schema-graph\">{\"@context\":\"https:\\\/\\\/schema.org\",\"@graph\":[{\"@type\":\"WebPage\",\"@id\":\"https:\\\/\\\/biznis.co.rs\\\/procena-projekta\\\/\",\"url\":\"https:\\\/\\\/biznis.co.rs\\\/procena-projekta\\\/\",\"name\":\"Procena Projekta - biznis.co.rs\",\"isPartOf\":{\"@id\":\"https:\\\/\\\/biznis.co.rs\\\/#website\"},\"primaryImageOfPage\":{\"@id\":\"https:\\\/\\\/biznis.co.rs\\\/procena-projekta\\\/#primaryimage\"},\"image\":{\"@id\":\"https:\\\/\\\/biznis.co.rs\\\/procena-projekta\\\/#primaryimage\"},\"thumbnailUrl\":\"https:\\\/\\\/biznis.co.rs\\\/wp-content\\\/uploads\\\/2026\\\/02\\\/iStock-2149224540-1-1024x683.webp\",\"datePublished\":\"2026-02-04T10:31:11+00:00\",\"dateModified\":\"2026-02-14T12:38:52+00:00\",\"breadcrumb\":{\"@id\":\"https:\\\/\\\/biznis.co.rs\\\/procena-projekta\\\/#breadcrumb\"},\"inLanguage\":\"en-US\",\"potentialAction\":[{\"@type\":\"ReadAction\",\"target\":[\"https:\\\/\\\/biznis.co.rs\\\/procena-projekta\\\/\"]}]},{\"@type\":\"ImageObject\",\"inLanguage\":\"en-US\",\"@id\":\"https:\\\/\\\/biznis.co.rs\\\/procena-projekta\\\/#primaryimage\",\"url\":\"https:\\\/\\\/biznis.co.rs\\\/wp-content\\\/uploads\\\/2026\\\/02\\\/iStock-2149224540-1-1024x683.webp\",\"contentUrl\":\"https:\\\/\\\/biznis.co.rs\\\/wp-content\\\/uploads\\\/2026\\\/02\\\/iStock-2149224540-1-1024x683.webp\"},{\"@type\":\"BreadcrumbList\",\"@id\":\"https:\\\/\\\/biznis.co.rs\\\/procena-projekta\\\/#breadcrumb\",\"itemListElement\":[{\"@type\":\"ListItem\",\"position\":1,\"name\":\"Home\",\"item\":\"https:\\\/\\\/biznis.co.rs\\\/\"},{\"@type\":\"ListItem\",\"position\":2,\"name\":\"Procena Projekta\"}]},{\"@type\":\"WebSite\",\"@id\":\"https:\\\/\\\/biznis.co.rs\\\/#website\",\"url\":\"https:\\\/\\\/biznis.co.rs\\\/\",\"name\":\"biznis.co.rs\",\"description\":\"\",\"potentialAction\":[{\"@type\":\"SearchAction\",\"target\":{\"@type\":\"EntryPoint\",\"urlTemplate\":\"https:\\\/\\\/biznis.co.rs\\\/?s={search_term_string}\"},\"query-input\":{\"@type\":\"PropertyValueSpecification\",\"valueRequired\":true,\"valueName\":\"search_term_string\"}}],\"inLanguage\":\"en-US\"}]}<\/script>\n<!-- \/ Yoast SEO plugin. -->","yoast_head_json":{"title":"Procena Projekta - biznis.co.rs","robots":{"index":"index","follow":"follow","max-snippet":"max-snippet:-1","max-image-preview":"max-image-preview:large","max-video-preview":"max-video-preview:-1"},"canonical":"https:\/\/biznis.co.rs\/en\/procena-projekta\/","og_locale":"en_US","og_type":"article","og_title":"Procena Projekta - biznis.co.rs","og_description":"Da li ste u nedoumici &#8211; koliko ko\u0161ta izrada veb stranice? Koliko ko\u0161ta veb sajt? Odgovor je da to mo\u017ee mnogo da varira u zavisnosti od projekta i agencije. Isprobajte na\u0161 kalkulator cena i vidite koliko ko\u0161ta kod nas \u2013 potrebno je 2 minuta. Zatim mo\u017eete videti da li smo mi ti koji c\u0301e kreirati [&hellip;]","og_url":"https:\/\/biznis.co.rs\/en\/procena-projekta\/","og_site_name":"biznis.co.rs","article_modified_time":"2026-02-14T12:38:52+00:00","og_image":[{"width":2120,"height":1414,"url":"https:\/\/biznis.co.rs\/wp-content\/uploads\/2026\/02\/iStock-2149224540-1.webp","type":"image\/webp"}],"twitter_card":"summary_large_image","twitter_misc":{"Est. reading time":"1 minute"},"schema":{"@context":"https:\/\/schema.org","@graph":[{"@type":"WebPage","@id":"https:\/\/biznis.co.rs\/procena-projekta\/","url":"https:\/\/biznis.co.rs\/procena-projekta\/","name":"Procena Projekta - biznis.co.rs","isPartOf":{"@id":"https:\/\/biznis.co.rs\/#website"},"primaryImageOfPage":{"@id":"https:\/\/biznis.co.rs\/procena-projekta\/#primaryimage"},"image":{"@id":"https:\/\/biznis.co.rs\/procena-projekta\/#primaryimage"},"thumbnailUrl":"https:\/\/biznis.co.rs\/wp-content\/uploads\/2026\/02\/iStock-2149224540-1-1024x683.webp","datePublished":"2026-02-04T10:31:11+00:00","dateModified":"2026-02-14T12:38:52+00:00","breadcrumb":{"@id":"https:\/\/biznis.co.rs\/procena-projekta\/#breadcrumb"},"inLanguage":"en-US","potentialAction":[{"@type":"ReadAction","target":["https:\/\/biznis.co.rs\/procena-projekta\/"]}]},{"@type":"ImageObject","inLanguage":"en-US","@id":"https:\/\/biznis.co.rs\/procena-projekta\/#primaryimage","url":"https:\/\/biznis.co.rs\/wp-content\/uploads\/2026\/02\/iStock-2149224540-1-1024x683.webp","contentUrl":"https:\/\/biznis.co.rs\/wp-content\/uploads\/2026\/02\/iStock-2149224540-1-1024x683.webp"},{"@type":"BreadcrumbList","@id":"https:\/\/biznis.co.rs\/procena-projekta\/#breadcrumb","itemListElement":[{"@type":"ListItem","position":1,"name":"Home","item":"https:\/\/biznis.co.rs\/"},{"@type":"ListItem","position":2,"name":"Procena Projekta"}]},{"@type":"WebSite","@id":"https:\/\/biznis.co.rs\/#website","url":"https:\/\/biznis.co.rs\/","name":"biznis.co.rs","description":"","potentialAction":[{"@type":"SearchAction","target":{"@type":"EntryPoint","urlTemplate":"https:\/\/biznis.co.rs\/?s={search_term_string}"},"query-input":{"@type":"PropertyValueSpecification","valueRequired":true,"valueName":"search_term_string"}}],"inLanguage":"en-US"}]}},"_links":{"self":[{"href":"https:\/\/biznis.co.rs\/en\/wp-json\/wp\/v2\/pages\/18","targetHints":{"allow":["GET"]}}],"collection":[{"href":"https:\/\/biznis.co.rs\/en\/wp-json\/wp\/v2\/pages"}],"about":[{"href":"https:\/\/biznis.co.rs\/en\/wp-json\/wp\/v2\/types\/page"}],"author":[{"embeddable":true,"href":"https:\/\/biznis.co.rs\/en\/wp-json\/wp\/v2\/users\/1"}],"replies":[{"embeddable":true,"href":"https:\/\/biznis.co.rs\/en\/wp-json\/wp\/v2\/comments?post=18"}],"version-history":[{"count":2,"href":"https:\/\/biznis.co.rs\/en\/wp-json\/wp\/v2\/pages\/18\/revisions"}],"predecessor-version":[{"id":939,"href":"https:\/\/biznis.co.rs\/en\/wp-json\/wp\/v2\/pages\/18\/revisions\/939"}],"wp:attachment":[{"href":"https:\/\/biznis.co.rs\/en\/wp-json\/wp\/v2\/media?parent=18"}],"curies":[{"name":"wp","href":"https:\/\/api.w.org\/{rel}","templated":true}]}}